{"id":967,"date":"2023-11-30T12:35:30","date_gmt":"2023-11-30T15:35:30","guid":{"rendered":"http:\/\/savisa.cl\/?page_id=967"},"modified":"2024-09-23T17:13:48","modified_gmt":"2024-09-23T20:13:48","slug":"modelo-de-prevencion-de-delitos","status":"publish","type":"page","link":"https:\/\/www.savisa.cl\/?page_id=967","title":{"rendered":"Modelo de Prevenci\u00f3n de Delitos"},"content":{"rendered":"<p><!--\n\n<p style=\"text-align: justify;\">El Directorio de Inversiones Nevada S.A. y sus filiales en su preocupaci\u00f3n permanente por llevar a cabo los negocios dentro de un marco de eficiencia operativa y respeto a la normativa vigente, resolvi\u00f3 acoger el llamado de la Ley N\u00b020.393 en orden a implementar un Modelo de Prevenci\u00f3n de Delitos y conductas indeseables utilizando la estructura jur\u00eddica de cualquiera de sus empresas, ya sea directa o indirectamente.<\/p>\n\n\n\n\n<p style=\"text-align: justify;\">El Modelo de Prevenci\u00f3n de Delitos (En adelante \u201cMPD\u201d) del Grupo, fue debidamente aprobado por su Directorio con fecha 25 de julio de 2023. Adem\u00e1s, se ha dise\u00f1ado en base a lo dispuesto en la Ley N\u00b020.393, la cual entr\u00f3 en vigencia con fecha 2 de diciembre de 2009.<\/p>\n\n--><\/p>\n<p style=\"text-align: justify;\"><em>El Directorio de Inversiones Nevada S.A. y sus en su preocupaci\u00f3n permanente por llevar a cabo los negocios dentro de un marco de eficiencia operativa y respeto a la normativa vigente, resolvi\u00f3 acoger el llamado de la Ley N\u00b020.393 y sus modificaciones, en orden a implementar un Modelo de Prevenci\u00f3n de Delitos y conductas indeseables utilizando la estructura jur\u00eddica de cualquiera de sus empresas, ya sea directa o indirectamente.<\/em><\/p>\n<p style=\"text-align:justify;\"><em>El Manual adjunto forma parte del Modelo de Prevenci\u00f3n de Delitos del Grupo, y fue debidamente aprobado en su tercera versi\u00f3n por su Directorio con fecha 26 de agosto de 2024. Este Manual, se ha dise\u00f1ado en base a lo dispuesto en la Ley N\u00b020.393 y sus modificaciones, siendo la m\u00e1s relevante aquella establecida en la Ley 21.595 sobre Delitos Econ\u00f3micos. De acuerdo con la citada normativa, las personas jur\u00eddicas responden penalmente por los delitos perpetrados en el marco de su actividad empresarial, por o con la intervenci\u00f3n de alguna persona natural que ocupe un cargo, funci\u00f3n o posici\u00f3n en ella, o le preste servicios gestionando asuntos suyos ante terceros, con o sin su representaci\u00f3n siempre que la perpetraci\u00f3n del hecho se vea favorecida o facilitada por la falta de implementaci\u00f3n efectiva de un modelo adecuado de prevenci\u00f3n de tales delitos, por parte de la persona jur\u00eddica.<br \/>\n<\/em><\/p>\n<p>&nbsp;<\/p>\n<p style=\"text-align: center;\"><\/p>\n","protected":false},"excerpt":{"rendered":"<p>El Directorio de Inversiones Nevada S.A. y sus en su preocupaci\u00f3n permanente por llevar a cabo los negocios dentro de un marco de eficiencia operativa y respeto a la normativa vigente, resolvi\u00f3 acoger el llamado de la Ley N\u00b020.393 y sus modificaciones, en orden a implementar un Modelo de Prevenci\u00f3n de Delitos y conductas indeseables utilizando la estructura jur\u00eddica de<\/p>\n","protected":false},"author":1,"featured_media":0,"parent":0,"menu_order":0,"comment_status":"closed","ping_status":"closed","template":"","meta":{"footnotes":""},"class_list":["post-967","page","type-page","status-publish","hentry"],"_links":{"self":[{"href":"https:\/\/www.savisa.cl\/index.php?rest_route=\/wp\/v2\/pages\/967","targetHints":{"allow":["GET"]}}],"collection":[{"href":"https:\/\/www.savisa.cl\/index.php?rest_route=\/wp\/v2\/pages"}],"about":[{"href":"https:\/\/www.savisa.cl\/index.php?rest_route=\/wp\/v2\/types\/page"}],"author":[{"embeddable":true,"href":"https:\/\/www.savisa.cl\/index.php?rest_route=\/wp\/v2\/users\/1"}],"replies":[{"embeddable":true,"href":"https:\/\/www.savisa.cl\/index.php?rest_route=%2Fwp%2Fv2%2Fcomments&post=967"}],"version-history":[{"count":6,"href":"https:\/\/www.savisa.cl\/index.php?rest_route=\/wp\/v2\/pages\/967\/revisions"}],"predecessor-version":[{"id":984,"href":"https:\/\/www.savisa.cl\/index.php?rest_route=\/wp\/v2\/pages\/967\/revisions\/984"}],"wp:attachment":[{"href":"https:\/\/www.savisa.cl\/index.php?rest_route=%2Fwp%2Fv2%2Fmedia&parent=967"}],"curies":[{"name":"wp","href":"https:\/\/api.w.org\/{rel}","templated":true}]}}