{"id":740,"date":"2021-05-26T12:03:01","date_gmt":"2021-05-26T15:03:01","guid":{"rendered":"http:\/\/savisa.cl\/?page_id=740"},"modified":"2026-03-23T15:03:56","modified_gmt":"2026-03-23T19:03:56","slug":"800-400-210","status":"publish","type":"page","link":"https:\/\/www.savisa.cl\/?page_id=740","title":{"rendered":"Sugerencias y Reclamos"},"content":{"rendered":"<p>Esta secci\u00f3n es un canal de comunicaci\u00f3n con nuestra empresa. Si quieres realizar un reclamo o sugerencia favor completar el formulario en el bot\u00f3n ticket <a href=\"http:\/\/savisa.cl\/wp-content\/uploads\/2021\/05\/ticket.jpg\"><img loading=\"lazy\" decoding=\"async\" class=\"alignnone size-full wp-image-749\" src=\"http:\/\/savisa.cl\/wp-content\/uploads\/2021\/05\/ticket.jpg\" alt=\"ticket\" width=\"76\" height=\"27\" srcset=\"https:\/\/www.savisa.cl\/wp-content\/uploads\/2021\/05\/ticket.jpg 76w, https:\/\/www.savisa.cl\/wp-content\/uploads\/2021\/05\/ticket-75x27.jpg 75w\" sizes=\"auto, (max-width: 76px) 100vw, 76px\" \/><\/a>, dispuesto en la esquina inferior derecha. No olvides agregar tus datos personales para que de esta forma podamos contactarte m\u00e1s f\u00e1cilmente para dar una respuesta a la brevedad. En esta secci\u00f3n tambi\u00e9n podr\u00e1s agregar fotos o archivos que puedan respaldar tu solicitud.<\/p>\n<p><strong>Otros Canales de Comunicaci\u00f3n:<\/strong><\/p>\n\n<table id=\"tablepress-4\" class=\"tablepress tablepress-id-4 tbody-has-connected-cells\">\n<thead>\n<tr class=\"row-1\">\n\t<th colspan=\"2\" class=\"column-1\">CANAL DE ATENCI\u00d3N<\/th><th class=\"column-3\">DESCRIPCI\u00d3N Y FORMA DE ACCESO<\/th>\n<\/tr>\n<\/thead>\n<tbody class=\"row-hover\">\n<tr class=\"row-2\">\n\t<td rowspan=\"2\" class=\"column-1\">Presencial<\/td><td rowspan=\"2\" class=\"column-2\">En los Establecimientos<\/td><td class=\"column-3\">Atenci\u00f3n de requerimientos, reclamos y consultas en los establecimientos, donde existe un cuaderno de reclamos, quejas y sugerencias.<\/td>\n<\/tr>\n<tr class=\"row-3\">\n\t<td class=\"column-3\">L\u00ednea telef\u00f3nica de atenci\u00f3n 800  400  210<br \/>\n<br \/>\nAtenci\u00f3n de requerimientos, reclamos y consultas                                                                                                                                      Horario de atenci\u00f3n: Lunes a viernes de 08:30 a 19:30 horas.<\/td>\n<\/tr>\n<tr class=\"row-4\">\n\t<td rowspan=\"2\" class=\"column-1\">Virtual<\/td><td class=\"column-2\">OIRS Virtual<\/td><td class=\"column-3\">Buz\u00f3n virtual que recibe requerimientos sobre los beneficios de entrega JUNAEB, a trav\u00e9s de un formulario electr\u00f3nico:     <a href=\"http:\/\/siiac.junaeb.cl\/siiac\/faces\/xhtml\/outside\/regiones.xhtml\">Ingrese Aqu\u00ed.<\/a><br \/>\n<br \/>\n <br \/>\n<br \/>\nPlataforma disponible en forma permanente on line<\/td>\n<\/tr>\n<tr class=\"row-5\">\n\t<td class=\"column-2\">P\u00e1gina Web<\/td><td class=\"column-3\">Dejar su reclamo o sugerencia en:<br \/>\n<br \/>\np\u00e1gina web: <a href=\"https:\/\/www.savisa.cl\">https:\/\/www.savisa.cl<\/a><\/td>\n<\/tr>\n<\/tbody>\n<\/table>\n<!-- #tablepress-4 from cache -->\n","protected":false},"excerpt":{"rendered":"<p>Esta secci\u00f3n es un canal de comunicaci\u00f3n con nuestra empresa. Si quieres realizar un reclamo o sugerencia favor completar el formulario en el bot\u00f3n ticket , dispuesto en la esquina inferior derecha. No olvides agregar tus datos personales para que de esta forma podamos contactarte m\u00e1s f\u00e1cilmente para dar una respuesta a la brevedad. En esta secci\u00f3n tambi\u00e9n podr\u00e1s agregar<\/p>\n","protected":false},"author":1,"featured_media":0,"parent":0,"menu_order":0,"comment_status":"closed","ping_status":"closed","template":"","meta":{"footnotes":""},"class_list":["post-740","page","type-page","status-publish","hentry"],"_links":{"self":[{"href":"https:\/\/www.savisa.cl\/index.php?rest_route=\/wp\/v2\/pages\/740","targetHints":{"allow":["GET"]}}],"collection":[{"href":"https:\/\/www.savisa.cl\/index.php?rest_route=\/wp\/v2\/pages"}],"about":[{"href":"https:\/\/www.savisa.cl\/index.php?rest_route=\/wp\/v2\/types\/page"}],"author":[{"embeddable":true,"href":"https:\/\/www.savisa.cl\/index.php?rest_route=\/wp\/v2\/users\/1"}],"replies":[{"embeddable":true,"href":"https:\/\/www.savisa.cl\/index.php?rest_route=%2Fwp%2Fv2%2Fcomments&post=740"}],"version-history":[{"count":40,"href":"https:\/\/www.savisa.cl\/index.php?rest_route=\/wp\/v2\/pages\/740\/revisions"}],"predecessor-version":[{"id":1076,"href":"https:\/\/www.savisa.cl\/index.php?rest_route=\/wp\/v2\/pages\/740\/revisions\/1076"}],"wp:attachment":[{"href":"https:\/\/www.savisa.cl\/index.php?rest_route=%2Fwp%2Fv2%2Fmedia&parent=740"}],"curies":[{"name":"wp","href":"https:\/\/api.w.org\/{rel}","templated":true}]}}